{"id":1934,"date":"2019-05-23T15:11:54","date_gmt":"2019-05-23T18:11:54","guid":{"rendered":"http:\/\/www.livta.com.br\/clinica\/?page_id=1934"},"modified":"2019-10-22T18:01:46","modified_gmt":"2019-10-22T21:01:46","slug":"fisioterapia","status":"publish","type":"page","link":"https:\/\/livta.com.br\/clinica\/fisioterapia\/","title":{"rendered":"FISIOTERAPIA"},"content":{"rendered":"<p><div class=\"fusion-fullwidth fullwidth-box fusion-builder-row-1 nonhundred-percent-fullwidth non-hundred-percent-height-scrolling\" style=\"background-color: rgba(255,255,255,0);background-position: right bottom;background-repeat: no-repeat;padding-top:0px;padding-right:0px;padding-bottom:0px;padding-left:0px;margin-bottom: 80px;margin-top: 0px;border-width: 0px 0px 0px 0px;border-color:#eae9e9;border-style:solid;\" id=\"about\" ><div class=\"fusion-builder-row fusion-row\"><div class=\"fusion-layout-column fusion_builder_column fusion-builder-column-0 fusion_builder_column_1_2 1_2 fusion-one-half fusion-column-first\" style=\"width:50%;width:calc(50% - ( ( 4% ) * 0.5 ) );margin-right: 4%;margin-top:0px;margin-bottom:0px;\"><div class=\"fusion-column-wrapper fusion-flex-column-wrapper-legacy\" style=\"background-position:left top;background-repeat:no-repeat;-webkit-background-size:cover;-moz-background-size:cover;-o-background-size:cover;background-size:cover;padding: 0px 0px 0px 0px;\"><div class=\"fusion-text fusion-text-1\"><p class=\"p1\">Os profissionais do LIVTA s\u00e3o capacitados em diferentes especialidades e preparados pra lidar com diversas patologias.<\/p>\n<p>Entre os tratamentos dispon\u00edveis, destacamos a terapia manual, a fisioterapia esportiva, terapia craneo sacral e a terapia postural.<\/p>\n<p>Um diferencial de nossos tratamentos \u00e9 que os equipamentos utilizados s\u00e3o microcomputadorizados e fornecidos pelos maiores e mais importantes fabricantes do mundo.<\/p>\n<\/div><div class=\"fusion-sep-clear\"><\/div><div class=\"fusion-separator fusion-full-width-sep\" style=\"margin-left: auto;margin-right: auto;margin-top:20px;width:100%;\"><div class=\"fusion-separator-border sep-double\" style=\"border-color:#e0dede;border-top-width:0px;border-bottom-width:0px;\"><\/div><\/div><div class=\"fusion-sep-clear\"><\/div><div class=\"fusion-clearfix\"><\/div><\/div><\/div><div class=\"fusion-layout-column fusion_builder_column fusion-builder-column-1 fusion_builder_column_1_2 1_2 fusion-one-half fusion-column-last img-quem-somo-primeira\" style=\"width:50%;width:calc(50% - ( ( 4% ) * 0.5 ) );margin-top:0px;margin-bottom:0px;\"><div class=\"fusion-column-wrapper fusion-flex-column-wrapper-legacy\" style=\"background-position:left top;background-repeat:no-repeat;-webkit-background-size:cover;-moz-background-size:cover;-o-background-size:cover;background-size:cover;padding: 0px 0px 0px 0px;\"><span class=\" fusion-imageframe imageframe-none imageframe-1 hover-type-none about__image fusion-animated\" style=\"margin-left:25px;float:right;\" data-animationType=\"slideInRight\" data-animationDuration=\"0.3\" data-animationOffset=\"top-into-view\"><img decoding=\"async\" width=\"640\" height=\"427\" title=\"Chiropractic_Adjustment\" src=\"http:\/\/www.livta.com.br\/clinica\/wp-content\/uploads\/2019\/04\/Chiropractic_Adjustment.jpg\" class=\"img-responsive wp-image-1691\" srcset=\"https:\/\/livta.com.br\/clinica\/wp-content\/uploads\/2019\/04\/Chiropractic_Adjustment-200x133.jpg 200w, https:\/\/livta.com.br\/clinica\/wp-content\/uploads\/2019\/04\/Chiropractic_Adjustment-400x267.jpg 400w, https:\/\/livta.com.br\/clinica\/wp-content\/uploads\/2019\/04\/Chiropractic_Adjustment-600x400.jpg 600w, https:\/\/livta.com.br\/clinica\/wp-content\/uploads\/2019\/04\/Chiropractic_Adjustment.jpg 640w\" sizes=\"(max-width: 800px) 100vw, 640px\" \/><\/span><div class=\"fusion-clearfix\"><\/div><\/div><\/div><\/div><\/div><div class=\"fusion-fullwidth fullwidth-box fusion-builder-row-2 nonhundred-percent-fullwidth non-hundred-percent-height-scrolling\" style=\"background-color: #efefef;background-position: center center;background-repeat: no-repeat;padding-top:60px;padding-right:0px;padding-bottom:60px;padding-left:0px;margin-bottom: 0px;margin-top: 0px;border-width: 0px 0px 0px 0px;border-color:#eae9e9;border-style:solid;\" ><div class=\"fusion-builder-row fusion-row\"><div class=\"fusion-layout-column fusion_builder_column fusion-builder-column-2 fusion_builder_column_1_1 1_1 fusion-one-full fusion-column-first fusion-column-last\" style=\"margin-top:0px;margin-bottom:0px;\"><div class=\"fusion-column-wrapper fusion-flex-column-wrapper-legacy\" style=\"background-position:left top;background-repeat:no-repeat;-webkit-background-size:cover;-moz-background-size:cover;-o-background-size:cover;background-size:cover;padding: 0px 0px 0px 0px;\"><div class=\"fusion-text fusion-text-2\"><p><strong>Eletroanalgesia:<\/strong>\u00a0define-se como sendo a aplica\u00e7\u00e3o de estimula\u00e7\u00e3o atrav\u00e9s de corrente el\u00e9trica de baixa ou media frequ\u00eancia na superf\u00edcie da pele para estimular as fibras nervosas e obtermos o al\u00edvio da dor. (Ex: T.E.N.S e Corrente Interferencial.)<\/p>\n<p><strong>Estimula\u00e7\u00e3o El\u00e9trica Funcional:<\/strong>\u00a0define-se em uma corrente de estimula\u00e7\u00e3o neuro-muscular provocando contra\u00e7\u00e3o com o objetivo de obter retorno venoso e linf\u00e1tico e o restabelecimento da for\u00e7a, t\u00f4nus, trofismo, resist\u00eancia, sinestesia e reeduca\u00e7\u00e3o funcional dos m\u00fasculos (Ex: F.E.S, Corrente Russa, Alta Voltagem e Microcorrentes).<\/p>\n<p><strong>Ultra-Som:<\/strong>\u00a0define-se como gera\u00e7\u00e3o por um transdutor de energia el\u00e9trica em vibra\u00e7\u00f5es mec\u00e2nicas de alta freq\u00fc\u00eancia transmitindo ondas ultra-s\u00f4nicas. Efeitos Terap\u00eauticos: analgesia, acelera\u00e7\u00e3o da resolu\u00e7\u00e3o do processo inflamat\u00f3rio, aumento da extensibilidade ou mobilidade articular e musculotend\u00edneo, micro-massagem tecidual (remodela\u00e7\u00e3o do tecido col\u00e1geno) e aumento do d\u00e9bito sangu\u00edneo local.<\/p>\n<p><strong>Laser:<\/strong>\u00a0tem efeito bioestimulante onde a emiss\u00e3o de luz se faz a partir da estimula\u00e7\u00e3o da mat\u00e9ria, atrav\u00e9s do fornecimento de energia aos \u00e1tomos. Efeitos Terap\u00eauticos: analgesia, antiedematoso, antiinflamat\u00f3rio e cicatrizante.<\/p>\n<p><strong>Terapia Combinada:<\/strong>\u00a0m\u00e9todo holand\u00eas de combina\u00e7\u00e3o da eletroterapia somado ao ultra-som, capaz de diagnosticar e tratar dores cr\u00f4nicas miofasciais da coluna vertebral e membros, atrav\u00e9s do cabe\u00e7ote do aparelho \u00e9 feita uma varredura pela regi\u00e3o de queixa de dor em busca de trigger points ativos respons\u00e1veis pelo processo fisiopatol\u00f3gico de patologias como tendinites, s\u00edndrome dolorosa miofascial, fibromialgia, distrofia simp\u00e1tica reflexa, cervicalgias e lombalgias de car\u00e1ter muscular.<\/p>\n<p><strong>Terapia por Exerc\u00edcios:<\/strong>\u00a0Estes recursos t\u00eam como objetivo restaurar e conservar: o arco de movimento, a constitui\u00e7\u00e3o e forma dos tecidos moles, atitudes segmentares funcionais, corre\u00e7\u00e3o postural e atitudes viciosas inadequadas, trofismo, for\u00e7a contr\u00e1til, resist\u00eancia, pot\u00eancia, circula\u00e7\u00e3o, condicionamento, estabilidade articular, equil\u00edbrio, coordena\u00e7\u00e3o motora, conscientiza\u00e7\u00e3o, esquema corporal, neuroplasticidade e regenera\u00e7\u00e3o neural.<\/p>\n<p><strong>Alongamento:<\/strong>\u00a0manobra que flexibiliza e mobiliza os tecidos moles. Indica\u00e7\u00e3o: encurtamento e contratura muscular, mobiliza\u00e7\u00e3o prolongada, mobilidade restrita, doen\u00e7a do tecido conectivo ou neuromuscular, processos patol\u00f3gicos nos tecidos devido a traumas, deformidades \u00f3sseas cong\u00eanitas ou adquiridas, evita e\/ou minimiza o risco de les\u00f5es m\u00fasculo tend\u00edneas e previne deformidades articulares e\/ou posturais.<\/p>\n<p><strong>Fortalecimento Muscular:<\/strong>\u00a0procedimento que tem como resultado a hipertrofia de suas fibras musculares e do aumento do recrutamento de suas unidades motoras, a medida que aumenta for\u00e7a eleva-se sua resposta cardiovascular, resist\u00eancia a fadiga, pot\u00eancia e fun\u00e7\u00e3o f\u00edsica geral. Fatores como doen\u00e7a, desuso e imobiliza\u00e7\u00e3o podem resultar em fraqueza muscular.<\/p>\n<p><strong>Condicionamento F\u00edsico:<\/strong>\u00a0tem como objetivo a preven\u00e7\u00e3o, conserva\u00e7\u00e3o, capacidade funcional, desempenho e melhora da sa\u00fade biol\u00f3gica e motora.<\/p>\n<p><strong>Reeduca\u00e7\u00e3o Proprioceptiva:<\/strong>\u00a0utiliza\u00e7\u00e3o de posi\u00e7\u00f5es e est\u00edmulos proprioceptivos, com a finalidade de exercitar as termina\u00e7\u00f5es nervosas (receptores) a fim de obter de maneira autom\u00e1tica ou reflexa as contra\u00e7\u00f5es musculares, com objetivo de prote\u00e7\u00e3o, aprendizado do movimento\/fun\u00e7\u00e3o e alterar as experi\u00eancias de percep\u00e7\u00e3o atrav\u00e9s de um novo programa neuromotor.<\/p>\n<p><strong>Reeduca\u00e7\u00e3o Funcional:<\/strong>\u00a0atividades na posi\u00e7\u00e3o deitadas para sentado, sentadas p\/ descarga de peso, an\u00e1lise e treino da marcha, atividades dos membros que auxiliam na autonomia e desenvolvimento pessoal.<\/p>\n<\/div><div class=\"fusion-clearfix\"><\/div><\/div><\/div><\/div><\/div><\/p>\n","protected":false},"excerpt":{"rendered":"","protected":false},"author":1,"featured_media":0,"parent":0,"menu_order":0,"comment_status":"closed","ping_status":"closed","template":"100-width.php","meta":{"footnotes":""},"class_list":["post-1934","page","type-page","status-publish","hentry"],"yoast_head":"<!-- This site is optimized with the Yoast SEO plugin v27.2 - https:\/\/yoast.com\/product\/yoast-seo-wordpress\/ -->\n<title>FISIOTERAPIA - Livta<\/title>\n<meta name=\"robots\" content=\"index, follow, max-snippet:-1, max-image-preview:large, max-video-preview:-1\" \/>\n<link rel=\"canonical\" href=\"https:\/\/livta.com.br\/clinica\/fisioterapia\/\" \/>\n<meta property=\"og:locale\" content=\"pt_BR\" \/>\n<meta property=\"og:type\" content=\"article\" \/>\n<meta property=\"og:title\" content=\"FISIOTERAPIA - Livta\" \/>\n<meta property=\"og:url\" content=\"https:\/\/livta.com.br\/clinica\/fisioterapia\/\" \/>\n<meta property=\"og:site_name\" content=\"Livta\" \/>\n<meta property=\"article:modified_time\" content=\"2019-10-22T21:01:46+00:00\" \/>\n<meta name=\"twitter:card\" content=\"summary_large_image\" \/>\n<meta name=\"twitter:label1\" content=\"Est. tempo de leitura\" \/>\n\t<meta name=\"twitter:data1\" content=\"6 minutos\" \/>\n<script type=\"application\/ld+json\" class=\"yoast-schema-graph\">{\"@context\":\"https:\/\/schema.org\",\"@graph\":[{\"@type\":\"WebPage\",\"@id\":\"https:\/\/livta.com.br\/clinica\/fisioterapia\/\",\"url\":\"https:\/\/livta.com.br\/clinica\/fisioterapia\/\",\"name\":\"FISIOTERAPIA - Livta\",\"isPartOf\":{\"@id\":\"https:\/\/livta.com.br\/clinica\/#website\"},\"datePublished\":\"2019-05-23T18:11:54+00:00\",\"dateModified\":\"2019-10-22T21:01:46+00:00\",\"breadcrumb\":{\"@id\":\"https:\/\/livta.com.br\/clinica\/fisioterapia\/#breadcrumb\"},\"inLanguage\":\"pt-BR\",\"potentialAction\":[{\"@type\":\"ReadAction\",\"target\":[\"https:\/\/livta.com.br\/clinica\/fisioterapia\/\"]}]},{\"@type\":\"BreadcrumbList\",\"@id\":\"https:\/\/livta.com.br\/clinica\/fisioterapia\/#breadcrumb\",\"itemListElement\":[{\"@type\":\"ListItem\",\"position\":1,\"name\":\"Home\",\"item\":\"https:\/\/livta.com.br\/clinica\/\"},{\"@type\":\"ListItem\",\"position\":2,\"name\":\"FISIOTERAPIA\"}]},{\"@type\":\"WebSite\",\"@id\":\"https:\/\/livta.com.br\/clinica\/#website\",\"url\":\"https:\/\/livta.com.br\/clinica\/\",\"name\":\"Livta\",\"description\":\"\",\"potentialAction\":[{\"@type\":\"SearchAction\",\"target\":{\"@type\":\"EntryPoint\",\"urlTemplate\":\"https:\/\/livta.com.br\/clinica\/?s={search_term_string}\"},\"query-input\":{\"@type\":\"PropertyValueSpecification\",\"valueRequired\":true,\"valueName\":\"search_term_string\"}}],\"inLanguage\":\"pt-BR\"}]}<\/script>\n<!-- \/ Yoast SEO plugin. -->","yoast_head_json":{"title":"FISIOTERAPIA - Livta","robots":{"index":"index","follow":"follow","max-snippet":"max-snippet:-1","max-image-preview":"max-image-preview:large","max-video-preview":"max-video-preview:-1"},"canonical":"https:\/\/livta.com.br\/clinica\/fisioterapia\/","og_locale":"pt_BR","og_type":"article","og_title":"FISIOTERAPIA - Livta","og_url":"https:\/\/livta.com.br\/clinica\/fisioterapia\/","og_site_name":"Livta","article_modified_time":"2019-10-22T21:01:46+00:00","twitter_card":"summary_large_image","twitter_misc":{"Est. tempo de leitura":"6 minutos"},"schema":{"@context":"https:\/\/schema.org","@graph":[{"@type":"WebPage","@id":"https:\/\/livta.com.br\/clinica\/fisioterapia\/","url":"https:\/\/livta.com.br\/clinica\/fisioterapia\/","name":"FISIOTERAPIA - Livta","isPartOf":{"@id":"https:\/\/livta.com.br\/clinica\/#website"},"datePublished":"2019-05-23T18:11:54+00:00","dateModified":"2019-10-22T21:01:46+00:00","breadcrumb":{"@id":"https:\/\/livta.com.br\/clinica\/fisioterapia\/#breadcrumb"},"inLanguage":"pt-BR","potentialAction":[{"@type":"ReadAction","target":["https:\/\/livta.com.br\/clinica\/fisioterapia\/"]}]},{"@type":"BreadcrumbList","@id":"https:\/\/livta.com.br\/clinica\/fisioterapia\/#breadcrumb","itemListElement":[{"@type":"ListItem","position":1,"name":"Home","item":"https:\/\/livta.com.br\/clinica\/"},{"@type":"ListItem","position":2,"name":"FISIOTERAPIA"}]},{"@type":"WebSite","@id":"https:\/\/livta.com.br\/clinica\/#website","url":"https:\/\/livta.com.br\/clinica\/","name":"Livta","description":"","potentialAction":[{"@type":"SearchAction","target":{"@type":"EntryPoint","urlTemplate":"https:\/\/livta.com.br\/clinica\/?s={search_term_string}"},"query-input":{"@type":"PropertyValueSpecification","valueRequired":true,"valueName":"search_term_string"}}],"inLanguage":"pt-BR"}]}},"_links":{"self":[{"href":"https:\/\/livta.com.br\/clinica\/wp-json\/wp\/v2\/pages\/1934","targetHints":{"allow":["GET"]}}],"collection":[{"href":"https:\/\/livta.com.br\/clinica\/wp-json\/wp\/v2\/pages"}],"about":[{"href":"https:\/\/livta.com.br\/clinica\/wp-json\/wp\/v2\/types\/page"}],"author":[{"embeddable":true,"href":"https:\/\/livta.com.br\/clinica\/wp-json\/wp\/v2\/users\/1"}],"replies":[{"embeddable":true,"href":"https:\/\/livta.com.br\/clinica\/wp-json\/wp\/v2\/comments?post=1934"}],"version-history":[{"count":0,"href":"https:\/\/livta.com.br\/clinica\/wp-json\/wp\/v2\/pages\/1934\/revisions"}],"wp:attachment":[{"href":"https:\/\/livta.com.br\/clinica\/wp-json\/wp\/v2\/media?parent=1934"}],"curies":[{"name":"wp","href":"https:\/\/api.w.org\/{rel}","templated":true}]}}