{"id":1740,"date":"2019-04-15T13:49:39","date_gmt":"2019-04-15T16:49:39","guid":{"rendered":"http:\/\/www.livta.com.br\/clinica\/?page_id=1740"},"modified":"2021-12-10T20:38:25","modified_gmt":"2021-12-10T23:38:25","slug":"blog","status":"publish","type":"page","link":"https:\/\/livta.com.br\/clinica\/blog\/","title":{"rendered":"BLOG"},"content":{"rendered":"<div class=\"fusion-fullwidth fullwidth-box fusion-builder-row-1 nonhundred-percent-fullwidth non-hundred-percent-height-scrolling\" style=\"background-color: rgba(255,255,255,0);background-position: center center;background-repeat: no-repeat;padding-top:0px;padding-right:0px;padding-bottom:60px;padding-left:0px;margin-bottom: 0px;margin-top: 0px;border-width: 0px 0px 0px 0px;border-color:#eae9e9;border-style:solid;\" ><div class=\"fusion-builder-row fusion-row\"><div class=\"fusion-layout-column fusion_builder_column fusion-builder-column-0 fusion_builder_column_2_3 2_3 fusion-two-third fusion-column-first\" style=\"width:66.666666666667%;width:calc(66.666666666667% - ( ( 4% ) * 0.66666666666667 ) );margin-right: 4%;margin-top:0px;margin-bottom:0px;\"><div class=\"fusion-column-wrapper fusion-flex-column-wrapper-legacy\" style=\"background-position:left top;background-repeat:no-repeat;-webkit-background-size:cover;-moz-background-size:cover;-o-background-size:cover;background-size:cover;padding: 0px 0px 0px 0px;\"><div class=\"fusion-blog-shortcode fusion-blog-shortcode-1 fusion-blog-archive fusion-blog-layout-medium fusion-blog-pagination\"><div class=\"fusion-posts-container fusion-posts-container-pagination fusion-blog-rollover\" data-pages=\"1\"><article id=\"blog-1-post-1931\" class=\"fusion-post-medium post-1931 post type-post status-publish format-standard has-post-thumbnail hentry category-blog\">\n\t<style type=\"text\/css\">\r\n\t\t\r\n\t\t\r\n\t\t\r\n\t\t\r\n\t\t\t<\/style>\r\n\r\n\r\n\t\t\t<div class=\"fusion-flexslider flexslider fusion-flexslider-loading fusion-post-slideshow\" style=\"\">\r\n\t\t<ul class=\"slides\">\r\n\t\t\t\r\n\t\t\t\t\t\t\t\t\t\t\t\t\t\t<li><div  class=\"fusion-image-wrapper fusion-image-size-fixed\" aria-haspopup=\"true\">\n\t\t\t\t  <img decoding=\"async\" width=\"320\" height=\"202\" src=\"https:\/\/livta.com.br\/clinica\/wp-content\/uploads\/2019\/05\/acelere-320x202.jpg\" class=\"attachment-blog-medium size-blog-medium wp-post-image\" alt=\"\" \/><div class=\"fusion-rollover\">\n\t<div class=\"fusion-rollover-content\">\n\n\t\t\t\t\t\t\t\t\t\t\t\t\t\t<a class=\"fusion-rollover-link\" href=\"https:\/\/livta.com.br\/clinica\/acelere-sua-recuperacao-encontre-o-melhor-especialista-para-sua-lesao\/\">Acelere sua recupera\u00e7\u00e3o: encontre o melhor especialista para sua les\u00e3o<\/a>\n\t\t\t\n\t\t\t\t\t\t\t\t\n\t\t\n\t\t\t\t\t\t\t\t\n\t\t\t\t\t\t\t\t\n\t\t\n\t\t\t\t\t\t<a class=\"fusion-link-wrapper\" href=\"https:\/\/livta.com.br\/clinica\/acelere-sua-recuperacao-encontre-o-melhor-especialista-para-sua-lesao\/\" aria-label=\"Acelere sua recupera\u00e7\u00e3o: encontre o melhor especialista para sua les\u00e3o\"><\/a>\n\t<\/div>\n<\/div>\n<\/div>\n<\/li>\r\n\t\t\t\r\n\t\t\t\r\n\t\t\t\t\t\t\t\t\t\t\t\t\t\t\t\t\t\t\t\t\t\t\t\t\t\t\t\t\t\t\t\t\t\t\t\t\t\t\t\t\t\t\t\t\t\t\t\t\t\t\t\t\t\t\t\t\t\t\t\t\t\t\t\t\t\t\t\t<\/ul>\r\n\t<\/div>\r\n\t<div class=\"fusion-post-content post-content\"><h2 class=\"blog-shortcode-post-title entry-title\"><a href=\"https:\/\/livta.com.br\/clinica\/acelere-sua-recuperacao-encontre-o-melhor-especialista-para-sua-lesao\/\">Acelere sua recupera\u00e7\u00e3o: encontre o melhor especialista para sua les\u00e3o<\/a><\/h2><div class=\"fusion-post-content-container\"><p>Mais desgastante que se machucar praticando seu esporte preferido \u00e9 perder tempo e dinheiro indo a um profissional para ouvir: \u201cTome um anti-inflamat\u00f3rio e pare de correr\u201d. Correr \u00e9 uma<\/p><\/div><\/div><div class=\"fusion-clearfix\"><\/div><div class=\"fusion-meta-info\"><span class=\"vcard\" style=\"display: none;\"><span class=\"fn\"><a href=\"https:\/\/livta.com.br\/clinica\/author\/ti_livta\/\" title=\"Posts de ti_livta\" rel=\"author\">ti_livta<\/a><\/span><\/span><span class=\"updated\" style=\"display:none;\">2019-05-23T14:09:56-03:00<\/span><div class=\"fusion-alignright\"><a class=\"fusion-read-more\" href=\"https:\/\/livta.com.br\/clinica\/acelere-sua-recuperacao-encontre-o-melhor-especialista-para-sua-lesao\/\" aria-label=\"More on Acelere sua recupera\u00e7\u00e3o: encontre o melhor especialista para sua les\u00e3o\">Read More<\/a><\/div><\/div><\/article>\n<article id=\"blog-1-post-1928\" class=\"fusion-post-medium post-1928 post type-post status-publish format-standard has-post-thumbnail hentry category-blog\">\n\t<style type=\"text\/css\">\r\n\t\t\r\n\t\t\r\n\t\t\r\n\t\t\r\n\t\t\t<\/style>\r\n\r\n\r\n\t\t\t<div class=\"fusion-flexslider flexslider fusion-flexslider-loading fusion-post-slideshow\" style=\"\">\r\n\t\t<ul class=\"slides\">\r\n\t\t\t\r\n\t\t\t\t\t\t\t\t\t\t\t\t\t\t<li><div  class=\"fusion-image-wrapper fusion-image-size-fixed\" aria-haspopup=\"true\">\n\t\t\t\t  <img decoding=\"async\" width=\"320\" height=\"202\" src=\"https:\/\/livta.com.br\/clinica\/wp-content\/uploads\/2019\/05\/problemasnospes-320x202.jpg\" class=\"attachment-blog-medium size-blog-medium wp-post-image\" alt=\"\" \/><div class=\"fusion-rollover\">\n\t<div class=\"fusion-rollover-content\">\n\n\t\t\t\t\t\t\t\t\t\t\t\t\t\t<a class=\"fusion-rollover-link\" href=\"https:\/\/livta.com.br\/clinica\/problemas-nos-pes-podem-causar-desalinhamento-na-coluna\/\">Problemas nos p\u00e9s podem causar desalinhamento na coluna<\/a>\n\t\t\t\n\t\t\t\t\t\t\t\t\n\t\t\n\t\t\t\t\t\t\t\t\n\t\t\t\t\t\t\t\t\n\t\t\n\t\t\t\t\t\t<a class=\"fusion-link-wrapper\" href=\"https:\/\/livta.com.br\/clinica\/problemas-nos-pes-podem-causar-desalinhamento-na-coluna\/\" aria-label=\"Problemas nos p\u00e9s podem causar desalinhamento na coluna\"><\/a>\n\t<\/div>\n<\/div>\n<\/div>\n<\/li>\r\n\t\t\t\r\n\t\t\t\r\n\t\t\t\t\t\t\t\t\t\t\t\t\t\t\t\t\t\t\t\t\t\t\t\t\t\t\t\t\t\t\t\t\t\t\t\t\t\t\t\t\t\t\t\t\t\t\t\t\t\t\t\t\t\t\t\t\t\t\t\t\t\t\t\t\t\t\t\t<\/ul>\r\n\t<\/div>\r\n\t<div class=\"fusion-post-content post-content\"><h2 class=\"blog-shortcode-post-title entry-title\"><a href=\"https:\/\/livta.com.br\/clinica\/problemas-nos-pes-podem-causar-desalinhamento-na-coluna\/\">Problemas nos p\u00e9s podem causar desalinhamento na coluna<\/a><\/h2><div class=\"fusion-post-content-container\"><p>Aquela dor na coluna no final do dia depois de uma longa caminhada pode ter origem em um dos membros mais importantes para a sustenta\u00e7\u00e3o do corpo. O p\u00e9 \u00e9<\/p><\/div><\/div><div class=\"fusion-clearfix\"><\/div><div class=\"fusion-meta-info\"><span class=\"vcard\" style=\"display: none;\"><span class=\"fn\"><a href=\"https:\/\/livta.com.br\/clinica\/author\/ti_livta\/\" title=\"Posts de ti_livta\" rel=\"author\">ti_livta<\/a><\/span><\/span><span class=\"updated\" style=\"display:none;\">2019-05-23T13:56:20-03:00<\/span><div class=\"fusion-alignright\"><a class=\"fusion-read-more\" href=\"https:\/\/livta.com.br\/clinica\/problemas-nos-pes-podem-causar-desalinhamento-na-coluna\/\" aria-label=\"More on Problemas nos p\u00e9s podem causar desalinhamento na coluna\">Read More<\/a><\/div><\/div><\/article>\n<article id=\"blog-1-post-1925\" class=\"fusion-post-medium post-1925 post type-post status-publish format-standard has-post-thumbnail hentry category-blog\">\n\t<style type=\"text\/css\">\r\n\t\t\r\n\t\t\r\n\t\t\r\n\t\t\r\n\t\t\t<\/style>\r\n\r\n\r\n\t\t\t<div class=\"fusion-flexslider flexslider fusion-flexslider-loading fusion-post-slideshow\" style=\"\">\r\n\t\t<ul class=\"slides\">\r\n\t\t\t\r\n\t\t\t\t\t\t\t\t\t\t\t\t\t\t<li><div  class=\"fusion-image-wrapper fusion-image-size-fixed\" aria-haspopup=\"true\">\n\t\t\t\t  <img decoding=\"async\" width=\"320\" height=\"202\" src=\"https:\/\/livta.com.br\/clinica\/wp-content\/uploads\/2019\/05\/5-ideias-para-deixar-seu-esqueleto-imbativel-320x202.jpg\" class=\"attachment-blog-medium size-blog-medium wp-post-image\" alt=\"\" srcset=\"https:\/\/livta.com.br\/clinica\/wp-content\/uploads\/2019\/05\/5-ideias-para-deixar-seu-esqueleto-imbativel-320x202.jpg 320w, https:\/\/livta.com.br\/clinica\/wp-content\/uploads\/2019\/05\/5-ideias-para-deixar-seu-esqueleto-imbativel-700x441.jpg 700w\" sizes=\"(max-width: 320px) 100vw, 320px\" \/><div class=\"fusion-rollover\">\n\t<div class=\"fusion-rollover-content\">\n\n\t\t\t\t\t\t\t\t\t\t\t\t\t\t<a class=\"fusion-rollover-link\" href=\"https:\/\/livta.com.br\/clinica\/5-ideias-para-deixar-seu-esqueleto-imbativel\/\">5 ideias para deixar seu esqueleto imbat\u00edvel<\/a>\n\t\t\t\n\t\t\t\t\t\t\t\t\n\t\t\n\t\t\t\t\t\t\t\t\n\t\t\t\t\t\t\t\t\n\t\t\n\t\t\t\t\t\t<a class=\"fusion-link-wrapper\" href=\"https:\/\/livta.com.br\/clinica\/5-ideias-para-deixar-seu-esqueleto-imbativel\/\" aria-label=\"5 ideias para deixar seu esqueleto imbat\u00edvel\"><\/a>\n\t<\/div>\n<\/div>\n<\/div>\n<\/li>\r\n\t\t\t\r\n\t\t\t\r\n\t\t\t\t\t\t\t\t\t\t\t\t\t\t\t\t\t\t\t\t\t\t\t\t\t\t\t\t\t\t\t\t\t\t\t\t\t\t\t\t\t\t\t\t\t\t\t\t\t\t\t\t\t\t\t\t\t\t\t\t\t\t\t\t\t\t\t\t<\/ul>\r\n\t<\/div>\r\n\t<div class=\"fusion-post-content post-content\"><h2 class=\"blog-shortcode-post-title entry-title\"><a href=\"https:\/\/livta.com.br\/clinica\/5-ideias-para-deixar-seu-esqueleto-imbativel\/\">5 ideias para deixar seu esqueleto imbat\u00edvel<\/a><\/h2><div class=\"fusion-post-content-container\"><p>Voc\u00ea sabia que 10% dos homens desenvolvem osteoporose depois dos 50 anos, segundo dados do hospital Israelita Albert Einstein, em S\u00e3o Paulo? 5 ideias para deixar seu esqueleto imbat\u00edvel: 1.<\/p><\/div><\/div><div class=\"fusion-clearfix\"><\/div><div class=\"fusion-meta-info\"><span class=\"vcard\" style=\"display: none;\"><span class=\"fn\"><a href=\"https:\/\/livta.com.br\/clinica\/author\/ti_livta\/\" title=\"Posts de ti_livta\" rel=\"author\">ti_livta<\/a><\/span><\/span><span class=\"updated\" style=\"display:none;\">2019-05-23T13:54:56-03:00<\/span><div class=\"fusion-alignright\"><a class=\"fusion-read-more\" href=\"https:\/\/livta.com.br\/clinica\/5-ideias-para-deixar-seu-esqueleto-imbativel\/\" aria-label=\"More on 5 ideias para deixar seu esqueleto imbat\u00edvel\">Read More<\/a><\/div><\/div><\/article>\n<article id=\"blog-1-post-1921\" class=\"fusion-post-medium post-1921 post type-post status-publish format-standard has-post-thumbnail hentry category-blog\">\n\t<style type=\"text\/css\">\r\n\t\t\r\n\t\t\r\n\t\t\r\n\t\t\r\n\t\t\t<\/style>\r\n\r\n\r\n\t\t\t<div class=\"fusion-flexslider flexslider fusion-flexslider-loading fusion-post-slideshow\" style=\"\">\r\n\t\t<ul class=\"slides\">\r\n\t\t\t\r\n\t\t\t\t\t\t\t\t\t\t\t\t\t\t<li><div  class=\"fusion-image-wrapper fusion-image-size-fixed\" aria-haspopup=\"true\">\n\t\t\t\t  <img decoding=\"async\" width=\"320\" height=\"202\" src=\"https:\/\/livta.com.br\/clinica\/wp-content\/uploads\/2019\/05\/ColunaVertebral-320x202.jpg\" class=\"attachment-blog-medium size-blog-medium wp-post-image\" alt=\"\" \/><div class=\"fusion-rollover\">\n\t<div class=\"fusion-rollover-content\">\n\n\t\t\t\t\t\t\t\t\t\t\t\t\t\t<a class=\"fusion-rollover-link\" href=\"https:\/\/livta.com.br\/clinica\/coluna-vertebral-o-cuidado-deve-ser-diario\/\">Coluna vertebral: o cuidado deve ser di\u00e1rio<\/a>\n\t\t\t\n\t\t\t\t\t\t\t\t\n\t\t\n\t\t\t\t\t\t\t\t\n\t\t\t\t\t\t\t\t\n\t\t\n\t\t\t\t\t\t<a class=\"fusion-link-wrapper\" href=\"https:\/\/livta.com.br\/clinica\/coluna-vertebral-o-cuidado-deve-ser-diario\/\" aria-label=\"Coluna vertebral: o cuidado deve ser di\u00e1rio\"><\/a>\n\t<\/div>\n<\/div>\n<\/div>\n<\/li>\r\n\t\t\t\r\n\t\t\t\r\n\t\t\t\t\t\t\t\t\t\t\t\t\t\t\t\t\t\t\t\t\t\t\t\t\t\t\t\t\t\t\t\t\t\t\t\t\t\t\t\t\t\t\t\t\t\t\t\t\t\t\t\t\t\t\t\t\t\t\t\t\t\t\t\t\t\t\t\t<\/ul>\r\n\t<\/div>\r\n\t<div class=\"fusion-post-content post-content\"><h2 class=\"blog-shortcode-post-title entry-title\"><a href=\"https:\/\/livta.com.br\/clinica\/coluna-vertebral-o-cuidado-deve-ser-diario\/\">Coluna vertebral: o cuidado deve ser di\u00e1rio<\/a><\/h2><div class=\"fusion-post-content-container\"><p>A sa\u00fade da sua coluna, como vai? Parece estranho perguntar isso, mas, a cada dia, aumenta o n\u00famero de brasileiros que relatam sofrer de dores na coluna vertebral. Mas sabia<\/p><\/div><\/div><div class=\"fusion-clearfix\"><\/div><div class=\"fusion-meta-info\"><span class=\"vcard\" style=\"display: none;\"><span class=\"fn\"><a href=\"https:\/\/livta.com.br\/clinica\/author\/ti_livta\/\" title=\"Posts de ti_livta\" rel=\"author\">ti_livta<\/a><\/span><\/span><span class=\"updated\" style=\"display:none;\">2019-05-23T13:49:48-03:00<\/span><div class=\"fusion-alignright\"><a class=\"fusion-read-more\" href=\"https:\/\/livta.com.br\/clinica\/coluna-vertebral-o-cuidado-deve-ser-diario\/\" aria-label=\"More on Coluna vertebral: o cuidado deve ser di\u00e1rio\">Read More<\/a><\/div><\/div><\/article>\n<article id=\"blog-1-post-1875\" class=\"fusion-post-medium post-1875 post type-post status-publish format-standard has-post-thumbnail hentry category-blog\">\n\t<style type=\"text\/css\">\r\n\t\t\r\n\t\t\r\n\t\t\r\n\t\t\r\n\t\t\t<\/style>\r\n\r\n\r\n\t\t\t<div class=\"fusion-flexslider flexslider fusion-flexslider-loading fusion-post-slideshow\" style=\"\">\r\n\t\t<ul class=\"slides\">\r\n\t\t\t\r\n\t\t\t\t\t\t\t\t\t\t\t\t\t\t<li><div  class=\"fusion-image-wrapper fusion-image-size-fixed\" aria-haspopup=\"true\">\n\t\t\t\t  <img decoding=\"async\" width=\"320\" height=\"202\" src=\"https:\/\/livta.com.br\/clinica\/wp-content\/uploads\/2019\/04\/usar_essa-320x202.jpg\" class=\"attachment-blog-medium size-blog-medium wp-post-image\" alt=\"\" srcset=\"https:\/\/livta.com.br\/clinica\/wp-content\/uploads\/2019\/04\/usar_essa-320x202.jpg 320w, https:\/\/livta.com.br\/clinica\/wp-content\/uploads\/2019\/04\/usar_essa-700x441.jpg 700w\" sizes=\"(max-width: 320px) 100vw, 320px\" \/><div class=\"fusion-rollover\">\n\t<div class=\"fusion-rollover-content\">\n\n\t\t\t\t\t\t\t\t\t\t\t\t\t\t<a class=\"fusion-rollover-link\" href=\"https:\/\/livta.com.br\/clinica\/revisao-do-seu-carro-voce-faz-ne-e-da-sua-coluna\/\">Disfun\u00e7\u00e3o sexual pode ter rela\u00e7\u00e3o com dor na coluna?<\/a>\n\t\t\t\n\t\t\t\t\t\t\t\t\n\t\t\n\t\t\t\t\t\t\t\t\n\t\t\t\t\t\t\t\t\n\t\t\n\t\t\t\t\t\t<a class=\"fusion-link-wrapper\" href=\"https:\/\/livta.com.br\/clinica\/revisao-do-seu-carro-voce-faz-ne-e-da-sua-coluna\/\" aria-label=\"Disfun\u00e7\u00e3o sexual pode ter rela\u00e7\u00e3o com dor na coluna?\"><\/a>\n\t<\/div>\n<\/div>\n<\/div>\n<\/li>\r\n\t\t\t\r\n\t\t\t\r\n\t\t\t\t\t\t\t\t\t\t\t\t\t\t\t\t\t\t\t\t\t\t\t\t\t\t\t\t\t\t\t\t\t\t\t\t\t\t\t\t\t\t\t\t\t\t\t\t\t\t\t\t\t\t\t\t\t\t\t\t\t\t\t\t\t\t\t\t<\/ul>\r\n\t<\/div>\r\n\t<div class=\"fusion-post-content post-content\"><h2 class=\"blog-shortcode-post-title entry-title\"><a href=\"https:\/\/livta.com.br\/clinica\/revisao-do-seu-carro-voce-faz-ne-e-da-sua-coluna\/\">Disfun\u00e7\u00e3o sexual pode ter rela\u00e7\u00e3o com dor na coluna?<\/a><\/h2><div class=\"fusion-post-content-container\"><p> Por: Diego Galace A sa\u00fade sexual \u00e9 definida pela Organiza\u00e7\u00e3o Mundial de Sa\u00fade (OMS) como a integra\u00e7\u00e3o dos aspectos som\u00e1ticos, emocionais, intelectuais e sociais, sendo esses positivamente enriquecedores, melhorando<\/p><\/div><\/div><div class=\"fusion-clearfix\"><\/div><div class=\"fusion-meta-info\"><span class=\"vcard\" style=\"display: none;\"><span class=\"fn\"><a href=\"https:\/\/livta.com.br\/clinica\/author\/ti_livta\/\" title=\"Posts de ti_livta\" rel=\"author\">ti_livta<\/a><\/span><\/span><span class=\"updated\" style=\"display:none;\">2019-05-23T13:45:19-03:00<\/span><div class=\"fusion-alignright\"><a class=\"fusion-read-more\" href=\"https:\/\/livta.com.br\/clinica\/revisao-do-seu-carro-voce-faz-ne-e-da-sua-coluna\/\" aria-label=\"More on Disfun\u00e7\u00e3o sexual pode ter rela\u00e7\u00e3o com dor na coluna?\">Read More<\/a><\/div><\/div><\/article>\n<\/div><\/div><div class=\"fusion-clearfix\"><\/div><\/div><\/div><div class=\"fusion-layout-column fusion_builder_column fusion-builder-column-1 fusion_builder_column_1_3 1_3 fusion-one-third fusion-column-last\" style=\"width:33.333333333333%;width:calc(33.333333333333% - ( ( 4% ) * 0.33333333333333 ) );margin-top:0px;margin-bottom:0px;\"><div class=\"fusion-column-wrapper fusion-flex-column-wrapper-legacy\" style=\"background-position:left top;background-repeat:no-repeat;-webkit-background-size:cover;-moz-background-size:cover;-o-background-size:cover;background-size:cover;padding: 0px 0px 0px 0px;\"><div class=\"fusion-widget-area fusion-widget-area-1 fusion-content-widget-area\"><style type=\"text\/css\">.fusion-widget-area-1 {padding:0px 0px 0px 0px;}.fusion-widget-area-1 .widget h4 {color:#333333;}.fusion-widget-area-1 .widget .heading h4 {color:#333333;}.fusion-widget-area-1 .widget h4 {font-size:18px;}.fusion-widget-area-1 .widget .heading h4 {font-size:18px;}<\/style><section id=\"search-3\" class=\"widget widget_search\">\t\t<form role=\"search\" class=\"searchform fusion-search-form  fusion-search-form-clean\" method=\"get\" action=\"https:\/\/livta.com.br\/clinica\/\">\n\t\t\t<div class=\"fusion-search-form-content\">\n\n\t\t\t\t\n\t\t\t\t<div class=\"fusion-search-field search-field\">\n\t\t\t\t\t<label><span class=\"screen-reader-text\">Search for:<\/span>\n\t\t\t\t\t\t\t\t\t\t\t\t\t<input type=\"search\" value=\"\" name=\"s\" class=\"s\" placeholder=\"Search...\" required aria-required=\"true\" aria-label=\"Search...\"\/>\n\t\t\t\t\t\t\t\t\t\t\t<\/label>\n\t\t\t\t<\/div>\n\t\t\t\t<div class=\"fusion-search-button search-button\">\n\t\t\t\t\t<input type=\"submit\" class=\"fusion-search-submit searchsubmit\" aria-label=\"Search\" value=\"&#xf002;\" \/>\n\t\t\t\t\t\t\t\t\t<\/div>\n\n\t\t\t\t\n\t\t\t<\/div>\n\n\n\t\t\t\n\t\t<\/form>\n\t\t<\/section>\n\t\t<section id=\"recent-posts-3\" class=\"widget widget_recent_entries\">\n\t\t<div class=\"heading\"><h4 class=\"widget-title\">Posts recentes<\/h4><\/div>\n\t\t<ul>\n\t\t\t\t\t\t\t\t\t\t\t<li>\n\t\t\t\t\t<a href=\"https:\/\/livta.com.br\/clinica\/bem-da-terra-dia-11-06-canal-terra-viva\/\">Bem da Terra, dia 11\/06 (Canal Terra Viva)<\/a>\n\t\t\t\t\t\t\t\t\t<\/li>\n\t\t\t\t\t\t\t\t\t\t\t<li>\n\t\t\t\t\t<a href=\"https:\/\/livta.com.br\/clinica\/vida-e-estilo-dia-13-05-rede-brasil\/\">Vida e Estilo, dia 13\/05 (Rede Brasil)<\/a>\n\t\t\t\t\t\t\t\t\t<\/li>\n\t\t\t\t\t\t\t\t\t\t\t<li>\n\t\t\t\t\t<a href=\"https:\/\/livta.com.br\/clinica\/melhor-da-tarde-dia-07-03-band\/\">Melhor da Tarde, dia 07\/03 (Band)<\/a>\n\t\t\t\t\t\t\t\t\t<\/li>\n\t\t\t\t\t\t\t\t\t\t\t<li>\n\t\t\t\t\t<a href=\"https:\/\/livta.com.br\/clinica\/a-tarde-e-show-dia-25-02-rede-brasil\/\">A Tarde \u00e9 Show, dia 25\/02 (Rede Brasil)<\/a>\n\t\t\t\t\t\t\t\t\t<\/li>\n\t\t\t\t\t\t\t\t\t\t\t<li>\n\t\t\t\t\t<a href=\"https:\/\/livta.com.br\/clinica\/bem-da-terra-dia-11-02-canal-terra-viva\/\">Bem da Terra, dia 11\/02 (Canal Terra Viva)<\/a>\n\t\t\t\t\t\t\t\t\t<\/li>\n\t\t\t\t\t<\/ul>\n\n\t\t<\/section><div class=\"fusion-additional-widget-content\"><\/div><\/div><div class=\"fusion-clearfix\"><\/div><\/div><\/div><\/div><\/div>\n","protected":false},"excerpt":{"rendered":"","protected":false},"author":1,"featured_media":0,"parent":0,"menu_order":0,"comment_status":"closed","ping_status":"closed","template":"","meta":{"footnotes":""},"class_list":["post-1740","page","type-page","status-publish","hentry"],"yoast_head":"<!-- This site is optimized with the Yoast SEO plugin v27.2 - https:\/\/yoast.com\/product\/yoast-seo-wordpress\/ -->\n<title>BLOG - Livta<\/title>\n<meta name=\"robots\" content=\"index, follow, max-snippet:-1, max-image-preview:large, max-video-preview:-1\" \/>\n<link rel=\"canonical\" href=\"https:\/\/livta.com.br\/clinica\/blog\/\" \/>\n<meta property=\"og:locale\" content=\"pt_BR\" \/>\n<meta property=\"og:type\" content=\"article\" \/>\n<meta property=\"og:title\" content=\"BLOG - Livta\" \/>\n<meta property=\"og:url\" content=\"https:\/\/livta.com.br\/clinica\/blog\/\" \/>\n<meta property=\"og:site_name\" content=\"Livta\" \/>\n<meta property=\"article:modified_time\" content=\"2021-12-10T23:38:25+00:00\" \/>\n<meta name=\"twitter:card\" content=\"summary_large_image\" \/>\n<meta name=\"twitter:label1\" content=\"Est. tempo de leitura\" \/>\n\t<meta name=\"twitter:data1\" content=\"2 minutos\" \/>\n<script type=\"application\/ld+json\" class=\"yoast-schema-graph\">{\"@context\":\"https:\/\/schema.org\",\"@graph\":[{\"@type\":\"WebPage\",\"@id\":\"https:\/\/livta.com.br\/clinica\/blog\/\",\"url\":\"https:\/\/livta.com.br\/clinica\/blog\/\",\"name\":\"BLOG - Livta\",\"isPartOf\":{\"@id\":\"https:\/\/livta.com.br\/clinica\/#website\"},\"datePublished\":\"2019-04-15T16:49:39+00:00\",\"dateModified\":\"2021-12-10T23:38:25+00:00\",\"breadcrumb\":{\"@id\":\"https:\/\/livta.com.br\/clinica\/blog\/#breadcrumb\"},\"inLanguage\":\"pt-BR\",\"potentialAction\":[{\"@type\":\"ReadAction\",\"target\":[\"https:\/\/livta.com.br\/clinica\/blog\/\"]}]},{\"@type\":\"BreadcrumbList\",\"@id\":\"https:\/\/livta.com.br\/clinica\/blog\/#breadcrumb\",\"itemListElement\":[{\"@type\":\"ListItem\",\"position\":1,\"name\":\"Home\",\"item\":\"https:\/\/livta.com.br\/clinica\/\"},{\"@type\":\"ListItem\",\"position\":2,\"name\":\"BLOG\"}]},{\"@type\":\"WebSite\",\"@id\":\"https:\/\/livta.com.br\/clinica\/#website\",\"url\":\"https:\/\/livta.com.br\/clinica\/\",\"name\":\"Livta\",\"description\":\"\",\"potentialAction\":[{\"@type\":\"SearchAction\",\"target\":{\"@type\":\"EntryPoint\",\"urlTemplate\":\"https:\/\/livta.com.br\/clinica\/?s={search_term_string}\"},\"query-input\":{\"@type\":\"PropertyValueSpecification\",\"valueRequired\":true,\"valueName\":\"search_term_string\"}}],\"inLanguage\":\"pt-BR\"}]}<\/script>\n<!-- \/ Yoast SEO plugin. -->","yoast_head_json":{"title":"BLOG - Livta","robots":{"index":"index","follow":"follow","max-snippet":"max-snippet:-1","max-image-preview":"max-image-preview:large","max-video-preview":"max-video-preview:-1"},"canonical":"https:\/\/livta.com.br\/clinica\/blog\/","og_locale":"pt_BR","og_type":"article","og_title":"BLOG - Livta","og_url":"https:\/\/livta.com.br\/clinica\/blog\/","og_site_name":"Livta","article_modified_time":"2021-12-10T23:38:25+00:00","twitter_card":"summary_large_image","twitter_misc":{"Est. tempo de leitura":"2 minutos"},"schema":{"@context":"https:\/\/schema.org","@graph":[{"@type":"WebPage","@id":"https:\/\/livta.com.br\/clinica\/blog\/","url":"https:\/\/livta.com.br\/clinica\/blog\/","name":"BLOG - Livta","isPartOf":{"@id":"https:\/\/livta.com.br\/clinica\/#website"},"datePublished":"2019-04-15T16:49:39+00:00","dateModified":"2021-12-10T23:38:25+00:00","breadcrumb":{"@id":"https:\/\/livta.com.br\/clinica\/blog\/#breadcrumb"},"inLanguage":"pt-BR","potentialAction":[{"@type":"ReadAction","target":["https:\/\/livta.com.br\/clinica\/blog\/"]}]},{"@type":"BreadcrumbList","@id":"https:\/\/livta.com.br\/clinica\/blog\/#breadcrumb","itemListElement":[{"@type":"ListItem","position":1,"name":"Home","item":"https:\/\/livta.com.br\/clinica\/"},{"@type":"ListItem","position":2,"name":"BLOG"}]},{"@type":"WebSite","@id":"https:\/\/livta.com.br\/clinica\/#website","url":"https:\/\/livta.com.br\/clinica\/","name":"Livta","description":"","potentialAction":[{"@type":"SearchAction","target":{"@type":"EntryPoint","urlTemplate":"https:\/\/livta.com.br\/clinica\/?s={search_term_string}"},"query-input":{"@type":"PropertyValueSpecification","valueRequired":true,"valueName":"search_term_string"}}],"inLanguage":"pt-BR"}]}},"_links":{"self":[{"href":"https:\/\/livta.com.br\/clinica\/wp-json\/wp\/v2\/pages\/1740","targetHints":{"allow":["GET"]}}],"collection":[{"href":"https:\/\/livta.com.br\/clinica\/wp-json\/wp\/v2\/pages"}],"about":[{"href":"https:\/\/livta.com.br\/clinica\/wp-json\/wp\/v2\/types\/page"}],"author":[{"embeddable":true,"href":"https:\/\/livta.com.br\/clinica\/wp-json\/wp\/v2\/users\/1"}],"replies":[{"embeddable":true,"href":"https:\/\/livta.com.br\/clinica\/wp-json\/wp\/v2\/comments?post=1740"}],"version-history":[{"count":0,"href":"https:\/\/livta.com.br\/clinica\/wp-json\/wp\/v2\/pages\/1740\/revisions"}],"wp:attachment":[{"href":"https:\/\/livta.com.br\/clinica\/wp-json\/wp\/v2\/media?parent=1740"}],"curies":[{"name":"wp","href":"https:\/\/api.w.org\/{rel}","templated":true}]}}